{"id":1823,"date":"2024-04-09T14:33:36","date_gmt":"2024-04-09T12:33:36","guid":{"rendered":"https:\/\/www.yettelbank.rs\/kontakt-sluzbe-odnosa-sa-javnoscu\/"},"modified":"2024-05-23T23:43:11","modified_gmt":"2024-05-23T21:43:11","slug":"contact-of-the-public-relations-department","status":"publish","type":"page","link":"https:\/\/www.yettelbank.rs\/en\/about-us\/news\/contact-of-the-public-relations-department\/","title":{"rendered":"Contact of the public relations department"},"content":{"rendered":"<p>Ukoliko dolazi\u0161 iz medija ili jednostavno ima\u0161 upit za na\u0161e PR odeljenje, zamolili bismo te da po\u0161alje\u0161 mejl na adresu: <span style=\"text-decoration: underline;\">pr@yettelbank.rs<\/span><\/p>\n","protected":false},"excerpt":{"rendered":"<p>Ukoliko dolazi\u0161 iz medija ili jednostavno ima\u0161 upit za na\u0161e PR odeljenje, zamolili bismo te da po\u0161alje\u0161 mejl na adresu: pr@yettelbank.rs<\/p>\n","protected":false},"author":1,"featured_media":0,"parent":2879,"menu_order":0,"comment_status":"closed","ping_status":"closed","template":"page-templates\/modules.php","meta":{"_acf_changed":false,"footnotes":""},"class_list":["post-1823","page","type-page","status-publish","hentry"],"acf":[],"yoast_head":"<!-- This site is optimized with the Yoast SEO plugin v27.1.1 - https:\/\/yoast.com\/product\/yoast-seo-wordpress\/ -->\n<title>Bank on the go and your partner in digital banking.<\/title>\n<meta name=\"description\" content=\"Yettel Bank is the first real mobile and digital bank in the region, which is completely designed for you, and that&#039;s why we always strive to provide you with unique offers on the market and enable sustainable development.\" \/>\n<meta name=\"robots\" content=\"index, follow, max-snippet:-1, max-image-preview:large, max-video-preview:-1\" \/>\n<link rel=\"canonical\" href=\"https:\/\/www.yettelbank.rs\/en\/about-us\/news\/contact-of-the-public-relations-department\/\" \/>\n<meta property=\"og:locale\" content=\"en_US\" \/>\n<meta property=\"og:type\" content=\"article\" \/>\n<meta property=\"og:title\" content=\"Bank on the go and your partner in digital banking.\" \/>\n<meta property=\"og:description\" content=\"Yettel Bank is the first real mobile and digital bank in the region, which is completely designed for you, and that&#039;s why we always strive to provide you with unique offers on the market and enable sustainable development.\" \/>\n<meta property=\"og:url\" content=\"https:\/\/www.yettelbank.rs\/en\/about-us\/news\/contact-of-the-public-relations-department\/\" \/>\n<meta property=\"og:site_name\" content=\"Yettel Bank\" \/>\n<meta property=\"article:modified_time\" content=\"2024-05-23T21:43:11+00:00\" \/>\n<meta property=\"og:image\" content=\"https:\/\/www.yettelbank.rs\/wp-content\/uploads\/2024\/10\/Yettel-Bank-App-icon-logo-1.png\" \/>\n\t<meta property=\"og:image:width\" content=\"1200\" \/>\n\t<meta property=\"og:image:height\" content=\"628\" \/>\n\t<meta property=\"og:image:type\" content=\"image\/png\" \/>\n<meta name=\"twitter:card\" content=\"summary_large_image\" \/>\n<meta name=\"twitter:label1\" content=\"Est. reading time\" \/>\n\t<meta name=\"twitter:data1\" content=\"1 minute\" \/>\n<script type=\"application\/ld+json\" class=\"yoast-schema-graph\">{\"@context\":\"https:\/\/schema.org\",\"@graph\":[{\"@type\":\"WebPage\",\"@id\":\"https:\/\/www.yettelbank.rs\/en\/about-us\/news\/contact-of-the-public-relations-department\/\",\"url\":\"https:\/\/www.yettelbank.rs\/en\/about-us\/news\/contact-of-the-public-relations-department\/\",\"name\":\"Bank on the go and your partner in digital banking.\",\"isPartOf\":{\"@id\":\"https:\/\/www.yettelbank.rs\/en\/#website\"},\"datePublished\":\"2024-04-09T12:33:36+00:00\",\"dateModified\":\"2024-05-23T21:43:11+00:00\",\"description\":\"Yettel Bank is the first real mobile and digital bank in the region, which is completely designed for you, and that's why we always strive to provide you with unique offers on the market and enable sustainable development.\",\"breadcrumb\":{\"@id\":\"https:\/\/www.yettelbank.rs\/en\/about-us\/news\/contact-of-the-public-relations-department\/#breadcrumb\"},\"inLanguage\":\"en-US\",\"potentialAction\":[{\"@type\":\"ReadAction\",\"target\":[\"https:\/\/www.yettelbank.rs\/en\/about-us\/news\/contact-of-the-public-relations-department\/\"]}]},{\"@type\":\"BreadcrumbList\",\"@id\":\"https:\/\/www.yettelbank.rs\/en\/about-us\/news\/contact-of-the-public-relations-department\/#breadcrumb\",\"itemListElement\":[{\"@type\":\"ListItem\",\"position\":1,\"name\":\"Home\",\"item\":\"https:\/\/www.yettelbank.rs\/en\/\"},{\"@type\":\"ListItem\",\"position\":2,\"name\":\"About us\",\"item\":\"https:\/\/www.yettelbank.rs\/en\/about-us\/\"},{\"@type\":\"ListItem\",\"position\":3,\"name\":\"News\",\"item\":\"https:\/\/www.yettelbank.rs\/en\/about-us\/news\/\"},{\"@type\":\"ListItem\",\"position\":4,\"name\":\"Contact of the public relations department\"}]},{\"@type\":\"WebSite\",\"@id\":\"https:\/\/www.yettelbank.rs\/en\/#website\",\"url\":\"https:\/\/www.yettelbank.rs\/en\/\",\"name\":\"Yettel Bank\",\"description\":\"\",\"publisher\":{\"@id\":\"https:\/\/www.yettelbank.rs\/en\/#organization\"},\"potentialAction\":[{\"@type\":\"SearchAction\",\"target\":{\"@type\":\"EntryPoint\",\"urlTemplate\":\"https:\/\/www.yettelbank.rs\/en\/?s={search_term_string}\"},\"query-input\":{\"@type\":\"PropertyValueSpecification\",\"valueRequired\":true,\"valueName\":\"search_term_string\"}}],\"inLanguage\":\"en-US\"},{\"@type\":\"Organization\",\"@id\":\"https:\/\/www.yettelbank.rs\/en\/#organization\",\"name\":\"Yettel Bank\",\"url\":\"https:\/\/www.yettelbank.rs\/en\/\",\"logo\":{\"@type\":\"ImageObject\",\"inLanguage\":\"en-US\",\"@id\":\"https:\/\/www.yettelbank.rs\/en\/#\/schema\/logo\/image\/\",\"url\":\"https:\/\/www.yettelbank.rs\/wp-content\/uploads\/2024\/04\/Frame-3993.png\",\"contentUrl\":\"https:\/\/www.yettelbank.rs\/wp-content\/uploads\/2024\/04\/Frame-3993.png\",\"width\":310,\"height\":310,\"caption\":\"Yettel Bank\"},\"image\":{\"@id\":\"https:\/\/www.yettelbank.rs\/en\/#\/schema\/logo\/image\/\"}}]}<\/script>\n<!-- \/ Yoast SEO plugin. -->","yoast_head_json":{"title":"Bank on the go and your partner in digital banking.","description":"Yettel Bank is the first real mobile and digital bank in the region, which is completely designed for you, and that's why we always strive to provide you with unique offers on the market and enable sustainable development.","robots":{"index":"index","follow":"follow","max-snippet":"max-snippet:-1","max-image-preview":"max-image-preview:large","max-video-preview":"max-video-preview:-1"},"canonical":"https:\/\/www.yettelbank.rs\/en\/about-us\/news\/contact-of-the-public-relations-department\/","og_locale":"en_US","og_type":"article","og_title":"Bank on the go and your partner in digital banking.","og_description":"Yettel Bank is the first real mobile and digital bank in the region, which is completely designed for you, and that's why we always strive to provide you with unique offers on the market and enable sustainable development.","og_url":"https:\/\/www.yettelbank.rs\/en\/about-us\/news\/contact-of-the-public-relations-department\/","og_site_name":"Yettel Bank","article_modified_time":"2024-05-23T21:43:11+00:00","og_image":[{"width":1200,"height":628,"url":"https:\/\/www.yettelbank.rs\/wp-content\/uploads\/2024\/10\/Yettel-Bank-App-icon-logo-1.png","type":"image\/png"}],"twitter_card":"summary_large_image","twitter_misc":{"Est. reading time":"1 minute"},"schema":{"@context":"https:\/\/schema.org","@graph":[{"@type":"WebPage","@id":"https:\/\/www.yettelbank.rs\/en\/about-us\/news\/contact-of-the-public-relations-department\/","url":"https:\/\/www.yettelbank.rs\/en\/about-us\/news\/contact-of-the-public-relations-department\/","name":"Bank on the go and your partner in digital banking.","isPartOf":{"@id":"https:\/\/www.yettelbank.rs\/en\/#website"},"datePublished":"2024-04-09T12:33:36+00:00","dateModified":"2024-05-23T21:43:11+00:00","description":"Yettel Bank is the first real mobile and digital bank in the region, which is completely designed for you, and that's why we always strive to provide you with unique offers on the market and enable sustainable development.","breadcrumb":{"@id":"https:\/\/www.yettelbank.rs\/en\/about-us\/news\/contact-of-the-public-relations-department\/#breadcrumb"},"inLanguage":"en-US","potentialAction":[{"@type":"ReadAction","target":["https:\/\/www.yettelbank.rs\/en\/about-us\/news\/contact-of-the-public-relations-department\/"]}]},{"@type":"BreadcrumbList","@id":"https:\/\/www.yettelbank.rs\/en\/about-us\/news\/contact-of-the-public-relations-department\/#breadcrumb","itemListElement":[{"@type":"ListItem","position":1,"name":"Home","item":"https:\/\/www.yettelbank.rs\/en\/"},{"@type":"ListItem","position":2,"name":"About us","item":"https:\/\/www.yettelbank.rs\/en\/about-us\/"},{"@type":"ListItem","position":3,"name":"News","item":"https:\/\/www.yettelbank.rs\/en\/about-us\/news\/"},{"@type":"ListItem","position":4,"name":"Contact of the public relations department"}]},{"@type":"WebSite","@id":"https:\/\/www.yettelbank.rs\/en\/#website","url":"https:\/\/www.yettelbank.rs\/en\/","name":"Yettel Bank","description":"","publisher":{"@id":"https:\/\/www.yettelbank.rs\/en\/#organization"},"potentialAction":[{"@type":"SearchAction","target":{"@type":"EntryPoint","urlTemplate":"https:\/\/www.yettelbank.rs\/en\/?s={search_term_string}"},"query-input":{"@type":"PropertyValueSpecification","valueRequired":true,"valueName":"search_term_string"}}],"inLanguage":"en-US"},{"@type":"Organization","@id":"https:\/\/www.yettelbank.rs\/en\/#organization","name":"Yettel Bank","url":"https:\/\/www.yettelbank.rs\/en\/","logo":{"@type":"ImageObject","inLanguage":"en-US","@id":"https:\/\/www.yettelbank.rs\/en\/#\/schema\/logo\/image\/","url":"https:\/\/www.yettelbank.rs\/wp-content\/uploads\/2024\/04\/Frame-3993.png","contentUrl":"https:\/\/www.yettelbank.rs\/wp-content\/uploads\/2024\/04\/Frame-3993.png","width":310,"height":310,"caption":"Yettel Bank"},"image":{"@id":"https:\/\/www.yettelbank.rs\/en\/#\/schema\/logo\/image\/"}}]}},"_links":{"self":[{"href":"https:\/\/www.yettelbank.rs\/en\/wp-json\/wp\/v2\/pages\/1823","targetHints":{"allow":["GET"]}}],"collection":[{"href":"https:\/\/www.yettelbank.rs\/en\/wp-json\/wp\/v2\/pages"}],"about":[{"href":"https:\/\/www.yettelbank.rs\/en\/wp-json\/wp\/v2\/types\/page"}],"author":[{"embeddable":true,"href":"https:\/\/www.yettelbank.rs\/en\/wp-json\/wp\/v2\/users\/1"}],"replies":[{"embeddable":true,"href":"https:\/\/www.yettelbank.rs\/en\/wp-json\/wp\/v2\/comments?post=1823"}],"version-history":[{"count":4,"href":"https:\/\/www.yettelbank.rs\/en\/wp-json\/wp\/v2\/pages\/1823\/revisions"}],"predecessor-version":[{"id":2681,"href":"https:\/\/www.yettelbank.rs\/en\/wp-json\/wp\/v2\/pages\/1823\/revisions\/2681"}],"up":[{"embeddable":true,"href":"https:\/\/www.yettelbank.rs\/en\/wp-json\/wp\/v2\/pages\/2879"}],"wp:attachment":[{"href":"https:\/\/www.yettelbank.rs\/en\/wp-json\/wp\/v2\/media?parent=1823"}],"curies":[{"name":"wp","href":"https:\/\/api.w.org\/{rel}","templated":true}]}}