{"id":9164,"date":"2025-01-29T12:03:51","date_gmt":"2025-01-29T11:03:51","guid":{"rendered":"https:\/\/www.yettelbank.rs\/mastercard-zimske-pogodnosti\/"},"modified":"2025-04-07T15:32:01","modified_gmt":"2025-04-07T13:32:01","slug":"mastercard-winter-benefits","status":"publish","type":"page","link":"https:\/\/www.yettelbank.rs\/en\/consumer\/offer\/updates\/mastercard-winter-benefits\/","title":{"rendered":"Winter season with Mastercard benefits"},"content":{"rendered":"","protected":false},"excerpt":{"rendered":"","protected":false},"author":6,"featured_media":0,"parent":3268,"menu_order":0,"comment_status":"closed","ping_status":"closed","template":"page-templates\/modules.php","meta":{"_acf_changed":false,"footnotes":""},"class_list":["post-9164","page","type-page","status-publish","hentry"],"acf":[],"yoast_head":"<!-- This site is optimized with the Yoast SEO plugin v27.1.1 - https:\/\/yoast.com\/product\/yoast-seo-wordpress\/ -->\n<title>Mastercard zimske pogodnosti<\/title>\n<meta name=\"description\" content=\"U\u017eivajte u sne\u017enim avanturama, skijajte bezbri\u017eno i ostvarite sjajne popuste na omiljenim planinama Srbije uz na\u0161e Mastercard kartice!\" \/>\n<meta name=\"robots\" content=\"index, follow, max-snippet:-1, max-image-preview:large, max-video-preview:-1\" \/>\n<link rel=\"canonical\" href=\"https:\/\/www.yettelbank.rs\/en\/consumer\/offer\/updates\/mastercard-winter-benefits\/\" \/>\n<meta property=\"og:locale\" content=\"en_US\" \/>\n<meta property=\"og:type\" content=\"article\" \/>\n<meta property=\"og:title\" content=\"Mastercard zimske pogodnosti\" \/>\n<meta property=\"og:description\" content=\"U\u017eivajte u sne\u017enim avanturama, skijajte bezbri\u017eno i ostvarite sjajne popuste na omiljenim planinama Srbije uz na\u0161e Mastercard kartice!\" \/>\n<meta property=\"og:url\" content=\"https:\/\/www.yettelbank.rs\/en\/consumer\/offer\/updates\/mastercard-winter-benefits\/\" \/>\n<meta property=\"og:site_name\" content=\"Yettel Bank\" \/>\n<meta property=\"article:modified_time\" content=\"2025-04-07T13:32:01+00:00\" \/>\n<meta property=\"og:image\" content=\"https:\/\/www.yettelbank.rs\/wp-content\/uploads\/2024\/10\/Yettel-Bank-App-icon-logo-1.png\" \/>\n\t<meta property=\"og:image:width\" content=\"1200\" \/>\n\t<meta property=\"og:image:height\" content=\"628\" \/>\n\t<meta property=\"og:image:type\" content=\"image\/png\" \/>\n<meta name=\"twitter:card\" content=\"summary_large_image\" \/>\n<meta name=\"twitter:title\" content=\"Mastercard zimske pogodnosti\" \/>\n<meta name=\"twitter:description\" content=\"U\u017eivajte u sne\u017enim avanturama, skijajte bezbri\u017eno i ostvarite sjajne popuste na omiljenim planinama Srbije uz na\u0161e Mastercard kartice!\" \/>\n<script type=\"application\/ld+json\" class=\"yoast-schema-graph\">{\"@context\":\"https:\/\/schema.org\",\"@graph\":[{\"@type\":\"WebPage\",\"@id\":\"https:\/\/www.yettelbank.rs\/en\/consumer\/offer\/updates\/mastercard-winter-benefits\/\",\"url\":\"https:\/\/www.yettelbank.rs\/en\/consumer\/offer\/updates\/mastercard-winter-benefits\/\",\"name\":\"Mastercard zimske pogodnosti\",\"isPartOf\":{\"@id\":\"https:\/\/www.yettelbank.rs\/en\/#website\"},\"datePublished\":\"2025-01-29T11:03:51+00:00\",\"dateModified\":\"2025-04-07T13:32:01+00:00\",\"description\":\"U\u017eivajte u sne\u017enim avanturama, skijajte bezbri\u017eno i ostvarite sjajne popuste na omiljenim planinama Srbije uz na\u0161e Mastercard kartice!\",\"breadcrumb\":{\"@id\":\"https:\/\/www.yettelbank.rs\/en\/consumer\/offer\/updates\/mastercard-winter-benefits\/#breadcrumb\"},\"inLanguage\":\"en-US\",\"potentialAction\":[{\"@type\":\"ReadAction\",\"target\":[\"https:\/\/www.yettelbank.rs\/en\/consumer\/offer\/updates\/mastercard-winter-benefits\/\"]}]},{\"@type\":\"BreadcrumbList\",\"@id\":\"https:\/\/www.yettelbank.rs\/en\/consumer\/offer\/updates\/mastercard-winter-benefits\/#breadcrumb\",\"itemListElement\":[{\"@type\":\"ListItem\",\"position\":1,\"name\":\"Home\",\"item\":\"https:\/\/www.yettelbank.rs\/en\/\"},{\"@type\":\"ListItem\",\"position\":2,\"name\":\"Consumer\",\"item\":\"https:\/\/www.yettelbank.rs\/en\/consumer\/\"},{\"@type\":\"ListItem\",\"position\":3,\"name\":\"Offer\",\"item\":\"https:\/\/www.yettelbank.rs\/en\/consumer\/offer\/\"},{\"@type\":\"ListItem\",\"position\":4,\"name\":\"Updates\",\"item\":\"https:\/\/www.yettelbank.rs\/en\/consumer\/offer\/updates\/\"},{\"@type\":\"ListItem\",\"position\":5,\"name\":\"Winter season with Mastercard benefits\"}]},{\"@type\":\"WebSite\",\"@id\":\"https:\/\/www.yettelbank.rs\/en\/#website\",\"url\":\"https:\/\/www.yettelbank.rs\/en\/\",\"name\":\"Yettel Bank\",\"description\":\"\",\"publisher\":{\"@id\":\"https:\/\/www.yettelbank.rs\/en\/#organization\"},\"potentialAction\":[{\"@type\":\"SearchAction\",\"target\":{\"@type\":\"EntryPoint\",\"urlTemplate\":\"https:\/\/www.yettelbank.rs\/en\/?s={search_term_string}\"},\"query-input\":{\"@type\":\"PropertyValueSpecification\",\"valueRequired\":true,\"valueName\":\"search_term_string\"}}],\"inLanguage\":\"en-US\"},{\"@type\":\"Organization\",\"@id\":\"https:\/\/www.yettelbank.rs\/en\/#organization\",\"name\":\"Yettel Bank\",\"url\":\"https:\/\/www.yettelbank.rs\/en\/\",\"logo\":{\"@type\":\"ImageObject\",\"inLanguage\":\"en-US\",\"@id\":\"https:\/\/www.yettelbank.rs\/en\/#\/schema\/logo\/image\/\",\"url\":\"https:\/\/www.yettelbank.rs\/wp-content\/uploads\/2024\/04\/Frame-3993.png\",\"contentUrl\":\"https:\/\/www.yettelbank.rs\/wp-content\/uploads\/2024\/04\/Frame-3993.png\",\"width\":310,\"height\":310,\"caption\":\"Yettel Bank\"},\"image\":{\"@id\":\"https:\/\/www.yettelbank.rs\/en\/#\/schema\/logo\/image\/\"}}]}<\/script>\n<!-- \/ Yoast SEO plugin. -->","yoast_head_json":{"title":"Mastercard zimske pogodnosti","description":"U\u017eivajte u sne\u017enim avanturama, skijajte bezbri\u017eno i ostvarite sjajne popuste na omiljenim planinama Srbije uz na\u0161e Mastercard kartice!","robots":{"index":"index","follow":"follow","max-snippet":"max-snippet:-1","max-image-preview":"max-image-preview:large","max-video-preview":"max-video-preview:-1"},"canonical":"https:\/\/www.yettelbank.rs\/en\/consumer\/offer\/updates\/mastercard-winter-benefits\/","og_locale":"en_US","og_type":"article","og_title":"Mastercard zimske pogodnosti","og_description":"U\u017eivajte u sne\u017enim avanturama, skijajte bezbri\u017eno i ostvarite sjajne popuste na omiljenim planinama Srbije uz na\u0161e Mastercard kartice!","og_url":"https:\/\/www.yettelbank.rs\/en\/consumer\/offer\/updates\/mastercard-winter-benefits\/","og_site_name":"Yettel Bank","article_modified_time":"2025-04-07T13:32:01+00:00","og_image":[{"width":1200,"height":628,"url":"https:\/\/www.yettelbank.rs\/wp-content\/uploads\/2024\/10\/Yettel-Bank-App-icon-logo-1.png","type":"image\/png"}],"twitter_card":"summary_large_image","twitter_title":"Mastercard zimske pogodnosti","twitter_description":"U\u017eivajte u sne\u017enim avanturama, skijajte bezbri\u017eno i ostvarite sjajne popuste na omiljenim planinama Srbije uz na\u0161e Mastercard kartice!","schema":{"@context":"https:\/\/schema.org","@graph":[{"@type":"WebPage","@id":"https:\/\/www.yettelbank.rs\/en\/consumer\/offer\/updates\/mastercard-winter-benefits\/","url":"https:\/\/www.yettelbank.rs\/en\/consumer\/offer\/updates\/mastercard-winter-benefits\/","name":"Mastercard zimske pogodnosti","isPartOf":{"@id":"https:\/\/www.yettelbank.rs\/en\/#website"},"datePublished":"2025-01-29T11:03:51+00:00","dateModified":"2025-04-07T13:32:01+00:00","description":"U\u017eivajte u sne\u017enim avanturama, skijajte bezbri\u017eno i ostvarite sjajne popuste na omiljenim planinama Srbije uz na\u0161e Mastercard kartice!","breadcrumb":{"@id":"https:\/\/www.yettelbank.rs\/en\/consumer\/offer\/updates\/mastercard-winter-benefits\/#breadcrumb"},"inLanguage":"en-US","potentialAction":[{"@type":"ReadAction","target":["https:\/\/www.yettelbank.rs\/en\/consumer\/offer\/updates\/mastercard-winter-benefits\/"]}]},{"@type":"BreadcrumbList","@id":"https:\/\/www.yettelbank.rs\/en\/consumer\/offer\/updates\/mastercard-winter-benefits\/#breadcrumb","itemListElement":[{"@type":"ListItem","position":1,"name":"Home","item":"https:\/\/www.yettelbank.rs\/en\/"},{"@type":"ListItem","position":2,"name":"Consumer","item":"https:\/\/www.yettelbank.rs\/en\/consumer\/"},{"@type":"ListItem","position":3,"name":"Offer","item":"https:\/\/www.yettelbank.rs\/en\/consumer\/offer\/"},{"@type":"ListItem","position":4,"name":"Updates","item":"https:\/\/www.yettelbank.rs\/en\/consumer\/offer\/updates\/"},{"@type":"ListItem","position":5,"name":"Winter season with Mastercard benefits"}]},{"@type":"WebSite","@id":"https:\/\/www.yettelbank.rs\/en\/#website","url":"https:\/\/www.yettelbank.rs\/en\/","name":"Yettel Bank","description":"","publisher":{"@id":"https:\/\/www.yettelbank.rs\/en\/#organization"},"potentialAction":[{"@type":"SearchAction","target":{"@type":"EntryPoint","urlTemplate":"https:\/\/www.yettelbank.rs\/en\/?s={search_term_string}"},"query-input":{"@type":"PropertyValueSpecification","valueRequired":true,"valueName":"search_term_string"}}],"inLanguage":"en-US"},{"@type":"Organization","@id":"https:\/\/www.yettelbank.rs\/en\/#organization","name":"Yettel Bank","url":"https:\/\/www.yettelbank.rs\/en\/","logo":{"@type":"ImageObject","inLanguage":"en-US","@id":"https:\/\/www.yettelbank.rs\/en\/#\/schema\/logo\/image\/","url":"https:\/\/www.yettelbank.rs\/wp-content\/uploads\/2024\/04\/Frame-3993.png","contentUrl":"https:\/\/www.yettelbank.rs\/wp-content\/uploads\/2024\/04\/Frame-3993.png","width":310,"height":310,"caption":"Yettel Bank"},"image":{"@id":"https:\/\/www.yettelbank.rs\/en\/#\/schema\/logo\/image\/"}}]}},"_links":{"self":[{"href":"https:\/\/www.yettelbank.rs\/en\/wp-json\/wp\/v2\/pages\/9164","targetHints":{"allow":["GET"]}}],"collection":[{"href":"https:\/\/www.yettelbank.rs\/en\/wp-json\/wp\/v2\/pages"}],"about":[{"href":"https:\/\/www.yettelbank.rs\/en\/wp-json\/wp\/v2\/types\/page"}],"author":[{"embeddable":true,"href":"https:\/\/www.yettelbank.rs\/en\/wp-json\/wp\/v2\/users\/6"}],"replies":[{"embeddable":true,"href":"https:\/\/www.yettelbank.rs\/en\/wp-json\/wp\/v2\/comments?post=9164"}],"version-history":[{"count":5,"href":"https:\/\/www.yettelbank.rs\/en\/wp-json\/wp\/v2\/pages\/9164\/revisions"}],"predecessor-version":[{"id":10044,"href":"https:\/\/www.yettelbank.rs\/en\/wp-json\/wp\/v2\/pages\/9164\/revisions\/10044"}],"up":[{"embeddable":true,"href":"https:\/\/www.yettelbank.rs\/en\/wp-json\/wp\/v2\/pages\/3268"}],"wp:attachment":[{"href":"https:\/\/www.yettelbank.rs\/en\/wp-json\/wp\/v2\/media?parent=9164"}],"curies":[{"name":"wp","href":"https:\/\/api.w.org\/{rel}","templated":true}]}}